{"id":94,"date":"2021-05-28T07:52:45","date_gmt":"2021-05-28T07:52:45","guid":{"rendered":"https:\/\/bnt-trier.live\/?page_id=94"},"modified":"2021-05-28T07:53:17","modified_gmt":"2021-05-28T07:53:17","slug":"rheinland-pfalz-land-in-bewegung","status":"publish","type":"page","link":"https:\/\/bnt-trier.live\/?page_id=94","title":{"rendered":"Rheinland-Pfalz  Land in Bewegung"},"content":{"rendered":"\n<p><\/p>\n\n\n\n<p><\/p>\n\n\n\n<figure class=\"wp-block-image size-large is-resized is-style-rounded\"><img loading=\"lazy\" decoding=\"async\" src=\"https:\/\/bnt-trier.live\/wp-content\/uploads\/2021\/05\/image-1.png\" alt=\"\" class=\"wp-image-95\" width=\"609\" height=\"123\" srcset=\"https:\/\/bnt-trier.live\/wp-content\/uploads\/2021\/05\/image-1.png 496w, https:\/\/bnt-trier.live\/wp-content\/uploads\/2021\/05\/image-1-300x60.png 300w\" sizes=\"auto, (max-width: 609px) 100vw, 609px\" \/><\/figure>\n\n\n\n<p>Von <strong>Mo 07.06.2021- Mo 28.06.2021 <\/strong>findet<strong> t\u00e4glich<\/strong> im Unterricht die Sch\u00fcler <strong>Sch\u00fcler-Challenge um 10:00 Uhr<\/strong> \u2013 online via Alphaview von zuhause aus in ca. 20min. \u2013 verpflichtend statt.<\/p>\n\n\n\n<p>Die <strong>11er Klassen<\/strong> sind von der Verpflichtung in Anbetracht des permanenten Pr\u00e4sensunterrichts von der <strong>Verpflichtung ausgenommen<\/strong>.<\/p>\n\n\n\n<p>Die \u00dcbungen sind selbsterkl\u00e4rend und befinden sich auf einer DIN-A4 Seite auf dem <strong>Moodle-Kurs T\u00e4gliche Sch\u00fcler-Challenge <\/strong>(H\u00fcster). Au\u00dferdem befindet sich dort t\u00e4glich eine Datei zur Leistungsmessung in die jeder Teilnehmer seine t\u00e4glichen Werte eintragen kann (Einschreibeschl\u00fcssel= <strong>BNT<\/strong>).<\/p>\n\n\n\n<p><strong>Das BNT setzt Bewegungsimpulse, sogar digital von zuhause. Wir bewegen uns!<\/strong><\/p>\n\n\n\n<p><strong>Mach mit!&nbsp; <\/strong>&nbsp;<\/p>\n\n\n\n<p>i. A. die Sportlehrer<\/p>\n","protected":false},"excerpt":{"rendered":"<p>Von Mo 07.06.2021- Mo 28.06.2021 findet t\u00e4glich im Unterricht die Sch\u00fcler Sch\u00fcler-Challenge um 10:00 Uhr \u2013 online via Alphaview von zuhause aus in ca. 20min. \u2013 verpflichtend statt. Die 11er Klassen sind von der Verpflichtung in Anbetracht des permanenten Pr\u00e4sensunterrichts von der Verpflichtung ausgenommen. Die \u00dcbungen sind selbsterkl\u00e4rend und befinden sich auf einer DIN-A4 Seite [&hellip;]<\/p>\n","protected":false},"author":1,"featured_media":0,"parent":0,"menu_order":0,"comment_status":"closed","ping_status":"closed","template":"","meta":{"footnotes":""},"class_list":["post-94","page","type-page","status-publish","hentry"],"_links":{"self":[{"href":"https:\/\/bnt-trier.live\/index.php?rest_route=\/wp\/v2\/pages\/94","targetHints":{"allow":["GET"]}}],"collection":[{"href":"https:\/\/bnt-trier.live\/index.php?rest_route=\/wp\/v2\/pages"}],"about":[{"href":"https:\/\/bnt-trier.live\/index.php?rest_route=\/wp\/v2\/types\/page"}],"author":[{"embeddable":true,"href":"https:\/\/bnt-trier.live\/index.php?rest_route=\/wp\/v2\/users\/1"}],"replies":[{"embeddable":true,"href":"https:\/\/bnt-trier.live\/index.php?rest_route=%2Fwp%2Fv2%2Fcomments&post=94"}],"version-history":[{"count":2,"href":"https:\/\/bnt-trier.live\/index.php?rest_route=\/wp\/v2\/pages\/94\/revisions"}],"predecessor-version":[{"id":98,"href":"https:\/\/bnt-trier.live\/index.php?rest_route=\/wp\/v2\/pages\/94\/revisions\/98"}],"wp:attachment":[{"href":"https:\/\/bnt-trier.live\/index.php?rest_route=%2Fwp%2Fv2%2Fmedia&parent=94"}],"curies":[{"name":"wp","href":"https:\/\/api.w.org\/{rel}","templated":true}]}}