{"id":6,"date":"2021-03-24T12:14:18","date_gmt":"2021-03-24T12:14:18","guid":{"rendered":"https:\/\/bnt-trier.live\/?page_id=6"},"modified":"2025-12-12T08:42:46","modified_gmt":"2025-12-12T08:42:46","slug":"about","status":"publish","type":"page","link":"https:\/\/bnt-trier.live\/?page_id=6","title":{"rendered":"BNT Trier"},"content":{"rendered":"\n<h1 class=\"wp-block-heading has-text-align-center\">Die Schule<\/h1>\n\n\n\n<div class=\"wp-block-cover is-light\"><img loading=\"lazy\" decoding=\"async\" width=\"194\" height=\"259\" class=\"wp-block-cover__image-background wp-image-55\" alt=\"\" src=\"https:\/\/bnt-trier.live\/wp-content\/uploads\/2021\/03\/dieschule1.jpg\" data-object-fit=\"cover\"\/><span aria-hidden=\"true\" class=\"wp-block-cover__background has-background-dim\"><\/span><div class=\"wp-block-cover__inner-container is-layout-flow wp-block-cover-is-layout-flow\">\n<p><\/p>\n\n\n\n<p class=\"has-large-font-size\">Die berufsbildende Schule<br> &#8222;Balthasar-Neumann-Technikum&#8220; <br>vereint zwei Schulformen an einem Standort:<\/p>\n<\/div><\/div>\n\n\n\n<p><\/p>\n\n\n\n<p><strong>Fachschule f\u00fcr Technik<\/strong>  und  <strong>Technisches Gymnasium.<\/strong><\/p>\n\n\n\n<p class=\"has-drop-cap\">Das Technische <strong>Gymnasium <\/strong>mit den Technikschwerpunkten <strong>Bautechnik<\/strong>, <strong>Elektrotechnik <\/strong>und <strong>Metalltechnik <\/strong>f\u00fchrt in dreij\u00e4hrigem Vollzeitunterricht\u00a0 (Klasse11-13) zur Allgemeinen Hochschulreife. Auch im Bereich <strong>Informatik<\/strong>, Sport und Sprachen haben wir viel zu bieten! So kann man Spanisch belegen oder z.B. auch <strong>Leistungskurse in Informatik.<\/strong><br>Die Mehrzahl unserer technischen Lehrkr\u00e4fte sind nicht nur p\u00e4dagogisch ausgebildet, sondern sind ebenfalls auch Diplom-Ingenieure und bringen ihre praktischen Erfahrungen aus der Industrie in ihren Unterricht mit ein.<\/p>\n\n\n\n<p class=\"has-drop-cap\">Die <strong>Fachschule <\/strong>f\u00fcr Technik ist die gr\u00f6\u00dfte ihrer Art in Rheinland-Pfalz. Sie vermittelt sowohl in zweij\u00e4hriger Vollzeit als auch im vierj\u00e4hrigen berufsbegleitenden Teilzeitunterricht die Fortbildung zur Staatlich gepr\u00fcften Technikerin \/ zum Staatlich gepr\u00fcften Techniker.<\/p>\n","protected":false},"excerpt":{"rendered":"<p>Die Schule Fachschule f\u00fcr Technik und Technisches Gymnasium. Das Technische Gymnasium mit den Technikschwerpunkten Bautechnik, Elektrotechnik und Metalltechnik f\u00fchrt in dreij\u00e4hrigem Vollzeitunterricht\u00a0 (Klasse11-13) zur Allgemeinen Hochschulreife. Auch im Bereich Informatik, Sport und Sprachen haben wir viel zu bieten! So kann man Spanisch belegen oder z.B. auch Leistungskurse in Informatik.Die Mehrzahl unserer technischen Lehrkr\u00e4fte sind nicht [&hellip;]<\/p>\n","protected":false},"author":1,"featured_media":0,"parent":0,"menu_order":0,"comment_status":"closed","ping_status":"closed","template":"","meta":{"footnotes":""},"class_list":["post-6","page","type-page","status-publish","hentry"],"_links":{"self":[{"href":"https:\/\/bnt-trier.live\/index.php?rest_route=\/wp\/v2\/pages\/6","targetHints":{"allow":["GET"]}}],"collection":[{"href":"https:\/\/bnt-trier.live\/index.php?rest_route=\/wp\/v2\/pages"}],"about":[{"href":"https:\/\/bnt-trier.live\/index.php?rest_route=\/wp\/v2\/types\/page"}],"author":[{"embeddable":true,"href":"https:\/\/bnt-trier.live\/index.php?rest_route=\/wp\/v2\/users\/1"}],"replies":[{"embeddable":true,"href":"https:\/\/bnt-trier.live\/index.php?rest_route=%2Fwp%2Fv2%2Fcomments&post=6"}],"version-history":[{"count":6,"href":"https:\/\/bnt-trier.live\/index.php?rest_route=\/wp\/v2\/pages\/6\/revisions"}],"predecessor-version":[{"id":206,"href":"https:\/\/bnt-trier.live\/index.php?rest_route=\/wp\/v2\/pages\/6\/revisions\/206"}],"wp:attachment":[{"href":"https:\/\/bnt-trier.live\/index.php?rest_route=%2Fwp%2Fv2%2Fmedia&parent=6"}],"curies":[{"name":"wp","href":"https:\/\/api.w.org\/{rel}","templated":true}]}}